{"id":261,"date":"2024-05-16T22:30:31","date_gmt":"2024-05-17T03:30:31","guid":{"rendered":"https:\/\/allinospizza.com\/?post_type=product&#038;p=261"},"modified":"2025-04-05T13:09:04","modified_gmt":"2025-04-05T18:09:04","slug":"hamburguesa-costena-180gr","status":"publish","type":"product","link":"https:\/\/allinospizza.com\/?product=hamburguesa-costena-180gr","title":{"rendered":"Hamburguesa Coste\u00f1a (180gr)"},"content":{"rendered":"","protected":false},"excerpt":{"rendered":"<p>Carne de res, ensalada, queso coste\u00f1o asado, suero coste\u00f1o, papa chips y huevo de codorniz.<\/p>\n","protected":false},"featured_media":820,"comment_status":"open","ping_status":"closed","template":"","meta":[],"product_cat":[43,88],"product_tag":[],"_links":{"self":[{"href":"https:\/\/allinospizza.com\/index.php?rest_route=\/wp\/v2\/product\/261"}],"collection":[{"href":"https:\/\/allinospizza.com\/index.php?rest_route=\/wp\/v2\/product"}],"about":[{"href":"https:\/\/allinospizza.com\/index.php?rest_route=\/wp\/v2\/types\/product"}],"replies":[{"embeddable":true,"href":"https:\/\/allinospizza.com\/index.php?rest_route=%2Fwp%2Fv2%2Fcomments&post=261"}],"wp:featuredmedia":[{"embeddable":true,"href":"https:\/\/allinospizza.com\/index.php?rest_route=\/wp\/v2\/media\/820"}],"wp:attachment":[{"href":"https:\/\/allinospizza.com\/index.php?rest_route=%2Fwp%2Fv2%2Fmedia&parent=261"}],"wp:term":[{"taxonomy":"product_cat","embeddable":true,"href":"https:\/\/allinospizza.com\/index.php?rest_route=%2Fwp%2Fv2%2Fproduct_cat&post=261"},{"taxonomy":"product_tag","embeddable":true,"href":"https:\/\/allinospizza.com\/index.php?rest_route=%2Fwp%2Fv2%2Fproduct_tag&post=261"}],"curies":[{"name":"wp","href":"https:\/\/api.w.org\/{rel}","templated":true}]}}